{"id":7322,"date":"2023-02-09T15:40:36","date_gmt":"2023-02-09T14:40:36","guid":{"rendered":"https:\/\/pricegain.com\/?page_id=7322"},"modified":"2024-03-21T11:03:07","modified_gmt":"2024-03-21T10:03:07","slug":"integritetspolicy","status":"publish","type":"page","link":"https:\/\/pricegain.com\/sv\/integritetspolicy\/","title":{"rendered":"Integritetspolicy"},"content":{"rendered":"<p>PriceGain AB, reg. nr. 556769-2719, \u00e4r ansvarig f\u00f6r hur din data samlas in och anv\u00e4nds. Vi respekterar din integritet och skyddar dina personuppgifter som vi behandlar. All personlig data behandlas i enlighet med till\u00e4mplig dataskyddslagstiftning.<\/p>\n<p><strong>De typer av data vi samlar in<\/strong><\/p>\n<p>Vi samlar in viss personlig data om dig. &#8221;Personlig data&#8221; \u00e4r data som kan anv\u00e4ndas f\u00f6r att identifiera dig eller som vi annars kan koppla till dig.<\/p>\n<p>Vi samlar in personlig data som du l\u00e4mnar till oss p\u00e5 frivillig basis, till exempel n\u00e4r du kommunicerar med oss via e-post eller andra kanaler, n\u00e4r du anm\u00e4ler dig f\u00f6r eller ber oss att skicka nyhetsbrev eller andra material till dig; och n\u00e4r du anm\u00e4ler dig till ett evenemang eller skickar din jobbans\u00f6kan till oss. Vi k\u00f6per ocks\u00e5 listor med prospekts fr\u00e5n tredjepartsleverant\u00f6rer. Den data vi samlar in inkluderar ditt namn, f\u00f6retag, postadress, e-postadress, telefonnummer och jobbtitel. Om du \u00e4r en tidigare anst\u00e4lld\u00a0 behandlar vi ocks\u00e5 viss data om ditt tidigare anst\u00e4llningsf\u00f6rh\u00e5llande hos oss och, i vissa fall, ditt privata telefonnummer, postadress och e-postadress.<\/p>\n<p>I vissa fall har dina personuppgifter kompletterats med information som samlats in fr\u00e5n andra k\u00e4llor, inklusive s\u00f6kningar via allm\u00e4nna s\u00f6kmotorer, branschspecifika nyhetsbrev, sociala medier och din arbetsgivares hemsida, detta f\u00f6r att bekr\u00e4fta din nuvarande professionella position.<\/p>\n<h4>S\u00e5 h\u00e4r anv\u00e4nder vi de data vi samlar in och lagrar<\/h4>\n<p>Vi anv\u00e4nder de personuppgifter vi samlar in f\u00f6r kommunikations\u00e4ndam\u00e5l, inklusive:<\/p>\n<ul>\n<li>Att skicka nyhetsbrev till dig<\/li>\n<li>Att bjuda in dig till olika evenemang och utbildningsprogram<\/li>\n<li>Att uppr\u00e4tth\u00e5lla v\u00e5r kontaktlista<\/li>\n<\/ul>\n<p>Om du s\u00f6ker ett jobb hos oss anv\u00e4nder vi de personliga uppgifterna endast f\u00f6r rekryteringssyften.<\/p>\n<p>Vi s\u00e4ljer inte, hyr inte ut, distribuerar eller p\u00e5 annat s\u00e4tt g\u00f6r dina personuppgifter tillg\u00e4ngliga f\u00f6r tredje part. Vi kan dock dela information med v\u00e5ra leverant\u00f6rer f\u00f6r de syften som anges nedan.<\/p>\n<p><strong>V\u00e5r grund f\u00f6r att anv\u00e4nda dina personuppgifter<\/strong><\/p>\n<p>N\u00e4r vi behandlar personuppgifter f\u00f6r de syften som f\u00f6rklaras h\u00e4r, f\u00f6rlitar vi oss p\u00e5 v\u00e5ra legitima intressen av att uppr\u00e4tth\u00e5lla aff\u00e4rsf\u00f6rh\u00e5llanden och kommunicera med dig som aff\u00e4rskontakt om v\u00e5r verksamhet och v\u00e5ra evenemang. V\u00e5ra legitima intressen respekterar lagstiftningen och de r\u00e4ttigheter och friheter som g\u00e4ller f\u00f6r v\u00e5ra aff\u00e4rskontakter.<\/p>\n<p><strong>Hur vi kan dela de data vi samlar in<\/strong><\/p>\n<p>Endast de personer som beh\u00f6ver behandla personuppgifter f\u00f6r ovan n\u00e4mnda syften har tillg\u00e5ng till dina personuppgifter. Vi kan ocks\u00e5 beh\u00f6va till\u00e5ta v\u00e5ra leverant\u00f6rer och underleverant\u00f6rer att f\u00e5 tillg\u00e5ng till dina personuppgifter n\u00e4r de utf\u00f6r tj\u00e4nster \u00e5t oss, fr\u00e4mst f\u00f6r att uppr\u00e4tth\u00e5lla och st\u00f6dja v\u00e5ra IT-system.<\/p>\n<p><strong>Hur l\u00e4nge vi kommer att spara dina personuppgifter<\/strong><\/p>\n<p>Dina personuppgifter kommer att sparas f\u00f6r de specificerade syften som n\u00e4mns ovan s\u00e5 l\u00e4nge du \u00e4r aff\u00e4rskontakt f\u00f6r oss. Du kan alltid avanm\u00e4la dig om du inte l\u00e4ngre \u00f6nskar att ta emot kommunikation och inbjudningar fr\u00e5n oss. Om du v\u00e4ljer att avanm\u00e4la dig kommer vi att upph\u00f6ra med att skicka den typen av kommunikation och inbjudningar som n\u00e4mnts ovan.<\/p>\n<p>Om du s\u00f6ker ett jobb kan PriceGain spara din ans\u00f6kan inklusive eventuella bilagor i en period p\u00e5 tv\u00e5 \u00e5r.<\/p>\n<p><strong>S\u00e4kerhets\u00e5tg\u00e4rder f\u00f6r att skydda dina personuppgifter<\/strong><\/p>\n<p>Vi anv\u00e4nder l\u00e4mpliga tekniska och organisatoriska s\u00e4kerhets\u00e5tg\u00e4rder f\u00f6r att skydda dina personuppgifter mot f\u00f6rlust och f\u00f6r att skydda mot obeh\u00f6rig \u00e5tkomst. Vi granskar regelbundet v\u00e5ra s\u00e4kerhetspolicyer och processer f\u00f6r att se till att v\u00e5ra system \u00e4r s\u00e4kra och skyddade.<\/p>\n<p><strong>Dina val och r\u00e4ttigheter<\/strong><\/p>\n<p>Vi v\u00e4lkomnar dina f\u00f6rfr\u00e5gningar och synpunkter. Du har r\u00e4tt att veta vad f\u00f6r personlig data vi behandlar om dig och du har r\u00e4tt att beg\u00e4ra en kopia. Du har ocks\u00e5 r\u00e4tt att f\u00e5 felaktig personlig data om dig korrigerad och r\u00e4tt att beg\u00e4ra att vi raderar din personliga data. Om du vill att din personliga data ska raderas, skicka oss ett e-postmeddelande p\u00e5 <a href=\"mailto:unregister@pricegain.com\" target=\"_new\" rel=\"noopener noreferrer\">unregister@pricegain.com<\/a>. Du kan ocks\u00e5 mots\u00e4tta dig viss personlig data om dig som behandlas och beg\u00e4ra att behandlingen av din personliga data begr\u00e4nsas. Observera att begr\u00e4nsning eller radering av din personliga data kan inneb\u00e4ra att vi inte kan erbjuda de kommunikationer och inbjudningar som beskrivs ovan. Om personlig data som har l\u00e4mnats f\u00f6r rekryterings\u00e4ndam\u00e5l raderas skulle det inneb\u00e4ra att vi inte kan forts\u00e4tta den p\u00e5g\u00e5ende rekryteringsprocessen.<\/p>\n<p>Om du \u00e4r missn\u00f6jd med hur vi behandlar dina personuppgifter har du r\u00e4tt att rapportera detta till Datainspektionen, som \u00e4r tillsynsmyndigheten f\u00f6r v\u00e5r behandling av personuppgifter.<\/p>\n<h4><strong>Hur du kontaktar oss<\/strong><\/h4>\n<p>Om du har n\u00e5gra fr\u00e5gor om hur vi behandlar dina personuppgifter \u00e4r du v\u00e4lkommen att kontakta oss p\u00e5 <a href=\"mailto:info@pricegain.com\" target=\"_new\" rel=\"noopener noreferrer\">info@pricegain.com<\/a>.<\/p>\n<p><strong>Avanm\u00e4lan<\/strong><\/p>\n<p>Om du inte l\u00e4ngre \u00f6nskar att ta emot ytterligare marknadsf\u00f6ringskommunikation och inbjudningar fr\u00e5n PriceGain AB kan du n\u00e4r som helst avanm\u00e4la dig via avanm\u00e4lningsl\u00e4nken i alla e-postmeddelanden som skickas till dig.<\/p>\n<h4><strong>Cookies<\/strong><\/h4>\n<p><script id=\"CookieDeclaration\" data-culture=\"sv\" src=\"https:\/\/consent.cookiebot.com\/fc54fc72-291e-4d2a-bd21-bcd8ba716521\/cd.js\" type=\"text\/javascript\" async><\/script><\/p>\n","protected":false},"excerpt":{"rendered":"<p>PriceGain AB, reg. nr. 556769-2719, \u00e4r ansvarig f\u00f6r hur din data samlas in och anv\u00e4nds. Vi respekterar din integritet och skyddar dina personuppgifter som vi behandlar. All personlig data behandlas i enlighet med till\u00e4mplig dataskyddslagstiftning. De typer av data vi&#8230;<\/p>\n","protected":false},"author":40,"featured_media":0,"parent":0,"menu_order":0,"comment_status":"closed","ping_status":"closed","template":"","meta":{"_acf_changed":false,"content-type":"","footnotes":""},"class_list":["post-7322","page","type-page","status-publish","hentry"],"acf":[],"_links":{"self":[{"href":"https:\/\/pricegain.com\/sv\/wp-json\/wp\/v2\/pages\/7322","targetHints":{"allow":["GET"]}}],"collection":[{"href":"https:\/\/pricegain.com\/sv\/wp-json\/wp\/v2\/pages"}],"about":[{"href":"https:\/\/pricegain.com\/sv\/wp-json\/wp\/v2\/types\/page"}],"author":[{"embeddable":true,"href":"https:\/\/pricegain.com\/sv\/wp-json\/wp\/v2\/users\/40"}],"replies":[{"embeddable":true,"href":"https:\/\/pricegain.com\/sv\/wp-json\/wp\/v2\/comments?post=7322"}],"version-history":[{"count":5,"href":"https:\/\/pricegain.com\/sv\/wp-json\/wp\/v2\/pages\/7322\/revisions"}],"predecessor-version":[{"id":8282,"href":"https:\/\/pricegain.com\/sv\/wp-json\/wp\/v2\/pages\/7322\/revisions\/8282"}],"wp:attachment":[{"href":"https:\/\/pricegain.com\/sv\/wp-json\/wp\/v2\/media?parent=7322"}],"curies":[{"name":"wp","href":"https:\/\/api.w.org\/{rel}","templated":true}]}}