{"id":7312,"date":"2023-01-11T13:38:08","date_gmt":"2023-01-11T12:38:08","guid":{"rendered":"https:\/\/pricegain.com\/?page_id=7312"},"modified":"2025-08-21T14:58:36","modified_gmt":"2025-08-21T12:58:36","slug":"grundare-och-seniora-partners","status":"publish","type":"page","link":"https:\/\/pricegain.com\/sv\/grundare-och-seniora-partners\/","title":{"rendered":"Grundare och Partners"},"content":{"rendered":"<p>&nbsp;<\/p>\n<p><strong><img decoding=\"async\" class=\"size-medium wp-image-7872 alignleft\" src=\"https:\/\/pricegain.com\/wp-content\/uploads\/POrtratt22869-Zoom-2-226x300.jpg\" alt=\"\" width=\"226\" height=\"300\" srcset=\"https:\/\/pricegain.com\/wp-content\/uploads\/POrtratt22869-Zoom-2-226x300.jpg 226w, https:\/\/pricegain.com\/wp-content\/uploads\/POrtratt22869-Zoom-2-772x1024.jpg 772w, https:\/\/pricegain.com\/wp-content\/uploads\/POrtratt22869-Zoom-2-768x1019.jpg 768w, https:\/\/pricegain.com\/wp-content\/uploads\/POrtratt22869-Zoom-2-1158x1536.jpg 1158w, https:\/\/pricegain.com\/wp-content\/uploads\/POrtratt22869-Zoom-2-1544x2048.jpg 1544w, https:\/\/pricegain.com\/wp-content\/uploads\/POrtratt22869-Zoom-2-113x150.jpg 113w, https:\/\/pricegain.com\/wp-content\/uploads\/POrtratt22869-Zoom-2-332x440.jpg 332w, https:\/\/pricegain.com\/wp-content\/uploads\/POrtratt22869-Zoom-2-scaled.jpg 1930w\" sizes=\"(max-width: 226px) 100vw, 226px\" \/>Per H\u00f6gberg, Grundare &amp; Partner<\/strong><\/p>\n<p><em>&#8221;Att skapa effektiva priss\u00e4ttningsstrategier kan g\u00f6ra stor skillnad f\u00f6r ett f\u00f6retag. Vi hj\u00e4lper v\u00e5ra kunder att lyckas med sin priss\u00e4ttning &#8211; och d\u00e4rigenom \u00f6ka l\u00f6nsamheten och marknadsandelarna&#8221;.<\/em><\/p>\n<p>Per \u00e4r specialist p\u00e5 att konceptualisera kreativa angreppss\u00e4tt f\u00f6r prisstrategier. Han arbetar med seniora chefer hos m\u00e5nga av PriceGains st\u00f6rre kunder f\u00f6r att utveckla nya s\u00e4tt att implementera effektiva priss\u00e4ttningsstrategier. Per fokuserar prim\u00e4rt p\u00e5 att identifiera m\u00e4tbara resultat genom f\u00f6r\u00e4ndringar i ett f\u00f6retags priss\u00e4ttning.<\/p>\n<p>Per \u00e4r en uppskattad talare p\u00e5 ledningsm\u00f6ten, gruppevenemang, private equity summits, universitet, aff\u00e4rsutbildningar och branschforum. Innan han startade p\u00e5 PriceGain \u00e5r 2003 jobbade Per f\u00f6r Nokia i tre \u00e5r och innan det f\u00f6r Hewlett-Packard i tio \u00e5r. Per har en omfattande internationell erfarenhet och har jobbat i Stockholm, Geneve, London, San Francisco och Helsingfors. Per har en masterexamen i industriell ekonomi och management fr\u00e5n Link\u00f6pings universitet. Han fullf\u00f6ljde sin examensuppsats p\u00e5 Hewlett-Packards koncerngrupp i Palo Alto, Kalifornien.<\/p>\n","protected":false},"excerpt":{"rendered":"<p>&nbsp; Per H\u00f6gberg, Grundare &amp; Partner &#8221;Att skapa effektiva priss\u00e4ttningsstrategier kan g\u00f6ra stor skillnad f\u00f6r ett f\u00f6retag. Vi hj\u00e4lper v\u00e5ra kunder att lyckas med sin priss\u00e4ttning &#8211; och d\u00e4rigenom \u00f6ka l\u00f6nsamheten och marknadsandelarna&#8221;. Per \u00e4r specialist p\u00e5 att konceptualisera kreativa&#8230;<\/p>\n","protected":false},"author":40,"featured_media":0,"parent":0,"menu_order":6,"comment_status":"closed","ping_status":"closed","template":"","meta":{"_acf_changed":false,"content-type":"","footnotes":""},"class_list":["post-7312","page","type-page","status-publish","hentry"],"acf":[],"_links":{"self":[{"href":"https:\/\/pricegain.com\/sv\/wp-json\/wp\/v2\/pages\/7312","targetHints":{"allow":["GET"]}}],"collection":[{"href":"https:\/\/pricegain.com\/sv\/wp-json\/wp\/v2\/pages"}],"about":[{"href":"https:\/\/pricegain.com\/sv\/wp-json\/wp\/v2\/types\/page"}],"author":[{"embeddable":true,"href":"https:\/\/pricegain.com\/sv\/wp-json\/wp\/v2\/users\/40"}],"replies":[{"embeddable":true,"href":"https:\/\/pricegain.com\/sv\/wp-json\/wp\/v2\/comments?post=7312"}],"version-history":[{"count":5,"href":"https:\/\/pricegain.com\/sv\/wp-json\/wp\/v2\/pages\/7312\/revisions"}],"predecessor-version":[{"id":8415,"href":"https:\/\/pricegain.com\/sv\/wp-json\/wp\/v2\/pages\/7312\/revisions\/8415"}],"wp:attachment":[{"href":"https:\/\/pricegain.com\/sv\/wp-json\/wp\/v2\/media?parent=7312"}],"curies":[{"name":"wp","href":"https:\/\/api.w.org\/{rel}","templated":true}]}}