{"id":7275,"date":"2023-01-11T13:20:28","date_gmt":"2023-01-11T12:20:28","guid":{"rendered":"https:\/\/pricegain.com\/?page_id=7275"},"modified":"2024-02-12T13:21:39","modified_gmt":"2024-02-12T12:21:39","slug":"utbildningsprogram","status":"publish","type":"page","link":"https:\/\/pricegain.com\/sv\/utbildningsprogram\/","title":{"rendered":"Digitalt utbildningsprogram"},"content":{"rendered":"<p><strong>\u00d6ka kunskapen inom priss\u00e4ttning\u00a0och f\u00f6rvandla id\u00e9er till verklighet<\/strong>. PriceGains digitala utbildningsprogram f\u00f6rb\u00e4ttrar er priskunskap, ger inspiration f\u00f6r att utveckla f\u00f6retagets priss\u00e4ttning och skapar insikter om hur priss\u00e4ttning kan anv\u00e4ndas f\u00f6r att f\u00f6rb\u00e4ttra aff\u00e4rsresultat.<\/p>\n<p>I sin helhet best\u00e5r v\u00e5rt digitala utbildningsprogramav tre moduler och ni kan v\u00e4lja de som passar er b\u00e4st.<\/p>\n<p><img decoding=\"async\" class=\"alignnone wp-image-8124 size-standard-size\" src=\"https:\/\/pricegain.com\/wp-content\/uploads\/Online-pricing-training-660x371.png\" alt=\"\" width=\"660\" height=\"371\" srcset=\"https:\/\/pricegain.com\/wp-content\/uploads\/Online-pricing-training-660x371.png 660w, https:\/\/pricegain.com\/wp-content\/uploads\/Online-pricing-training-300x169.png 300w, https:\/\/pricegain.com\/wp-content\/uploads\/Online-pricing-training-1024x576.png 1024w, https:\/\/pricegain.com\/wp-content\/uploads\/Online-pricing-training-768x432.png 768w, https:\/\/pricegain.com\/wp-content\/uploads\/Online-pricing-training-150x84.png 150w, https:\/\/pricegain.com\/wp-content\/uploads\/Online-pricing-training.png 1280w\" sizes=\"(max-width: 660px) 100vw, 660px\" \/><strong>MODUL 1: Skr\u00e4ddarsytt priswebbinarium<\/strong><\/p>\n<p>Webbinariet \u00e4r interaktivt, v\u00e4l anpassat f\u00f6r din specifika verksamhet och p\u00e5g\u00e5r under tre timmar. Den b\u00f6rjar med en inspirationssession d\u00e4r teori och relevanta aff\u00e4rsexempel presenteras. Inspirationssessionen f\u00f6ljs sedan av en workshop, d\u00e4r deltagarna i webbinariet jobbar i grupper och utvecklar handlingsbara id\u00e9er f\u00f6r \u00f6kad l\u00f6nsamhet. <strong>Ni f\u00e5r \u00f6kad kunskap om priss\u00e4ttning och konkreta verktyg och \u00e5tg\u00e4rder som kan implementeras f\u00f6r att f\u00f6rb\u00e4ttra er verksamhets aff\u00e4rsresultat.<\/strong><\/p>\n<hr \/>\n<p><strong>MODUL 2: E-learning<\/strong><\/p>\n<p>Denna onlinekurs \u00e4r f\u00f6r alla som vill l\u00e4ra sig mer om hur man kan f\u00f6rb\u00e4ttra aff\u00e4rsresultat genom att utveckla f\u00f6retagets priss\u00e4ttning. <strong>Genom att anv\u00e4nda v\u00e5rt l\u00e4randeverktyg f\u00f6rb\u00e4ttrar och utvecklar ni f\u00f6retagets kunskap om priss\u00e4ttning. \u00d6vning ger f\u00e4rdighet.<\/strong><\/p>\n<hr \/>\n<p><strong>MODUL 3: Personlig r\u00e5dgivning, 2 hours<\/strong><\/p>\n<p>2 timmar av personlig r\u00e5dgivning med en av v\u00e5ra erfarna prisexperter<\/p>\n<hr \/>\n<p>\u00c4r du intresserad av v\u00e5r onlineutbildning? Fyll i formul\u00e4ret nedan s\u00e5 kontaktar vi dig s\u00e5 snart vi kan!<\/p>\n<p><script charset=\"utf-8\" type=\"text\/javascript\" src=\"\/\/js-eu1.hsforms.net\/forms\/embed\/v2.js\"><\/script><br \/>\n<script>\n  hbspt.forms.create({\n    region: \"eu1\",\n    portalId: \"24884004\",\n    formId: \"87d954c4-c28f-4602-acbb-52c33f6e41fc\"\n  });\n<\/script><\/p>\n","protected":false},"excerpt":{"rendered":"<p>\u00d6ka kunskapen inom priss\u00e4ttning\u00a0och f\u00f6rvandla id\u00e9er till verklighet. PriceGains digitala utbildningsprogram f\u00f6rb\u00e4ttrar er priskunskap, ger inspiration f\u00f6r att utveckla f\u00f6retagets priss\u00e4ttning och skapar insikter om hur priss\u00e4ttning kan anv\u00e4ndas f\u00f6r att f\u00f6rb\u00e4ttra aff\u00e4rsresultat. I sin helhet best\u00e5r v\u00e5rt digitala utbildningsprogramav&#8230;<\/p>\n","protected":false},"author":39,"featured_media":0,"parent":0,"menu_order":0,"comment_status":"closed","ping_status":"closed","template":"","meta":{"_acf_changed":false,"content-type":"","footnotes":""},"class_list":["post-7275","page","type-page","status-publish","hentry"],"acf":[],"_links":{"self":[{"href":"https:\/\/pricegain.com\/sv\/wp-json\/wp\/v2\/pages\/7275","targetHints":{"allow":["GET"]}}],"collection":[{"href":"https:\/\/pricegain.com\/sv\/wp-json\/wp\/v2\/pages"}],"about":[{"href":"https:\/\/pricegain.com\/sv\/wp-json\/wp\/v2\/types\/page"}],"author":[{"embeddable":true,"href":"https:\/\/pricegain.com\/sv\/wp-json\/wp\/v2\/users\/39"}],"replies":[{"embeddable":true,"href":"https:\/\/pricegain.com\/sv\/wp-json\/wp\/v2\/comments?post=7275"}],"version-history":[{"count":7,"href":"https:\/\/pricegain.com\/sv\/wp-json\/wp\/v2\/pages\/7275\/revisions"}],"predecessor-version":[{"id":8128,"href":"https:\/\/pricegain.com\/sv\/wp-json\/wp\/v2\/pages\/7275\/revisions\/8128"}],"wp:attachment":[{"href":"https:\/\/pricegain.com\/sv\/wp-json\/wp\/v2\/media?parent=7275"}],"curies":[{"name":"wp","href":"https:\/\/api.w.org\/{rel}","templated":true}]}}