{"id":6050,"date":"2018-03-10T02:08:24","date_gmt":"2018-03-10T01:08:24","guid":{"rendered":"http:\/\/acdev.pricegain.hemsida.eu\/about-pricegain\/"},"modified":"2024-01-02T14:27:15","modified_gmt":"2024-01-02T13:27:15","slug":"om-oss-2","status":"publish","type":"page","link":"https:\/\/pricegain.com\/sv\/om-oss-2\/","title":{"rendered":"Om oss"},"content":{"rendered":"<p><strong>PriceGain \u00e4r ett managementkonsultbolag som hj\u00e4lper f\u00f6retag, s\u00e5v\u00e4l inom B2B som B2C, att \u00f6ka sitt aff\u00e4rsresultat genom att f\u00f6rb\u00e4ttra sin priss\u00e4ttning. Genom v\u00e5r hj\u00e4lp f\u00f6rb\u00e4ttrar v\u00e5ra klienter sin l\u00f6nsamhet med minst 2- 4 procentenheter. Beroende p\u00e5 utg\u00e5ngspunkt och typ av projekt \u00e4r potentialen ofta mer \u00e4n s\u00e5. Vi hj\u00e4lper v\u00e5ra klienter att vidareutveckla sina prisstrategier baserat p\u00e5 flera olika faktorer, som t.ex.: aff\u00e4rsm\u00e5l f\u00f6r f\u00f6retaget p\u00e5 l\u00e5ng och kort sikt, aff\u00e4rsmodell, konkurrenssituation, distributionskanaler, v\u00e4rdekedja, kvalitet, och viktigast av allt \u2013 deras kunders upplevda v\u00e4rde och betal-ningsvilja. PriceGain grundades 2003.<\/strong><\/p>\n<p>Vi har utvecklat v\u00e5ra egna metoder och tekniker f\u00f6r att kunna utv\u00e4rdera unders\u00f6kningsinformation fr\u00e5n s\u00e4lj och data f\u00f6r att d\u00e4refter kunna fastst\u00e4lla kunders villighet att betala. I enlighet med v\u00e5ra metoder s\u00e5 hj\u00e4lper vi \u00e4ven till med att utveckla anpassade mjukvaruprogram och jobbprocedurer som l\u00e5ter v\u00e5ra kunder att uppr\u00e4tth\u00e5lla optimerade priser p\u00e5 egen hand utan ytterligare konsulthj\u00e4lp fr\u00e5n PriceGain.<\/p>\n<p>PriceGains klientbas sp\u00e4nner fr\u00e5n stora multinationella f\u00f6retag till sm\u00e5 och mellanstora f\u00f6retag.<\/p>\n<p>Hos PriceGain arbetar ett team av analytiker och forskare med olika bakgrund inom management, ekonomi, statistik, IT, retail och channel sales. Teamet har erfarenhet inom priss\u00e4ttning i en m\u00e4ngd olika branscher. PriceGain har analytiker och andra resurser tillg\u00e4ngliga f\u00f6r prisprojekt \u00f6ver hela v\u00e4rlden.<\/p>\n","protected":false},"excerpt":{"rendered":"<p>PriceGain \u00e4r ett managementkonsultbolag som hj\u00e4lper f\u00f6retag, s\u00e5v\u00e4l inom B2B som B2C, att \u00f6ka sitt aff\u00e4rsresultat genom att f\u00f6rb\u00e4ttra sin priss\u00e4ttning. Genom v\u00e5r hj\u00e4lp f\u00f6rb\u00e4ttrar v\u00e5ra klienter sin l\u00f6nsamhet med minst 2- 4 procentenheter. Beroende p\u00e5 utg\u00e5ngspunkt och typ av&#8230;<\/p>\n","protected":false},"author":1,"featured_media":0,"parent":0,"menu_order":3,"comment_status":"closed","ping_status":"closed","template":"","meta":{"_acf_changed":false,"content-type":"","footnotes":""},"class_list":["post-6050","page","type-page","status-publish","hentry"],"acf":[],"_links":{"self":[{"href":"https:\/\/pricegain.com\/sv\/wp-json\/wp\/v2\/pages\/6050","targetHints":{"allow":["GET"]}}],"collection":[{"href":"https:\/\/pricegain.com\/sv\/wp-json\/wp\/v2\/pages"}],"about":[{"href":"https:\/\/pricegain.com\/sv\/wp-json\/wp\/v2\/types\/page"}],"author":[{"embeddable":true,"href":"https:\/\/pricegain.com\/sv\/wp-json\/wp\/v2\/users\/1"}],"replies":[{"embeddable":true,"href":"https:\/\/pricegain.com\/sv\/wp-json\/wp\/v2\/comments?post=6050"}],"version-history":[{"count":7,"href":"https:\/\/pricegain.com\/sv\/wp-json\/wp\/v2\/pages\/6050\/revisions"}],"predecessor-version":[{"id":7870,"href":"https:\/\/pricegain.com\/sv\/wp-json\/wp\/v2\/pages\/6050\/revisions\/7870"}],"wp:attachment":[{"href":"https:\/\/pricegain.com\/sv\/wp-json\/wp\/v2\/media?parent=6050"}],"curies":[{"name":"wp","href":"https:\/\/api.w.org\/{rel}","templated":true}]}}